{"id":98,"date":"2022-06-10T10:42:45","date_gmt":"2022-06-10T08:42:45","guid":{"rendered":"https:\/\/lafabrik.eu\/ambassadeurs\/?page_id=98"},"modified":"2022-06-24T17:01:51","modified_gmt":"2022-06-24T15:01:51","slug":"presentation-programme","status":"publish","type":"page","link":"https:\/\/www.planete-bordeaux.fr\/ambassadeurs\/presentation-programme\/","title":{"rendered":"Pr\u00e9sentation du programme"},"content":{"rendered":"\n<div class=\"wp-block-columns is-layout-flex wp-container-core-columns-is-layout-9d6595d7 wp-block-columns-is-layout-flex\">\n<div class=\"wp-block-column is-layout-flow wp-block-column-is-layout-flow\">\n<h2 class=\"espace-1 wp-block-heading\">Les Ambassadeurs s\u2019engagent \u00e0 mener des actions de promotion des vins Bordeaux Bordeaux Sup\u00e9rieur dans leurs cercles personnels en \u00e9change de cadeaux et d\u2019avantages.<br>  <\/h2>\n\n\n\n<figure class=\"wp-block-image size-large\"><img loading=\"lazy\" decoding=\"async\" width=\"1024\" height=\"683\" src=\"https:\/\/www.planete-bordeaux.fr\/ambassadeurs\/wp-content\/uploads\/2022\/06\/pexels-helena-lopes-696218-1024x683.jpg\" alt=\"\" class=\"wp-image-21\" srcset=\"https:\/\/www.planete-bordeaux.fr\/ambassadeurs\/wp-content\/uploads\/2022\/06\/pexels-helena-lopes-696218-1024x683.jpg 1024w, https:\/\/www.planete-bordeaux.fr\/ambassadeurs\/wp-content\/uploads\/2022\/06\/pexels-helena-lopes-696218-300x200.jpg 300w, https:\/\/www.planete-bordeaux.fr\/ambassadeurs\/wp-content\/uploads\/2022\/06\/pexels-helena-lopes-696218-768x512.jpg 768w, https:\/\/www.planete-bordeaux.fr\/ambassadeurs\/wp-content\/uploads\/2022\/06\/pexels-helena-lopes-696218-1536x1024.jpg 1536w, https:\/\/www.planete-bordeaux.fr\/ambassadeurs\/wp-content\/uploads\/2022\/06\/pexels-helena-lopes-696218.jpg 1920w\" sizes=\"auto, (max-width: 1024px) 100vw, 1024px\" \/><\/figure>\n<\/div>\n\n\n\n<div class=\"wp-block-column is-layout-flow wp-block-column-is-layout-flow\">\n<p>Chaque Ambassadeur re\u00e7oit des vins de Bordeaux Bordeaux Sup\u00e9rieur, une carte personnalis\u00e9e et une dotation de vin ainsi que des goodies pour mener \u00e0 bien ses missions.<\/p>\n\n\n\n<p>Consommer des vins de Bordeaux et Bordeaux Sup\u00e9rieur, c\u2019est adh\u00e9rer implicitement \u00e0 des valeurs fortes<\/p>\n\n\n\n<ul class=\"wp-block-list\"><li><strong>Exigence de qualit\u00e9 produit <\/strong>avec un bon rapport qualit\u00e9\/prix<\/li><li><strong>Choix de consommation locale<\/strong><\/li><li><strong>Convivialit\u00e9 et partage<\/strong><\/li><li><strong>Plaisir raisonn\u00e9<\/strong> associ\u00e9 \u00e0 la gastronomie fran\u00e7aise<\/li><\/ul>\n\n\n\n<p>Le programme Ambassadeurs vise \u00e0 faire d\u00e9couvrir ou red\u00e9couvrir la richesse et la vari\u00e9t\u00e9 des vins produits par les plus de 5 000 vignerons adh\u00e9rents du syndicat des Bordeaux et Bordeaux Sup\u00e9rieur.<\/p>\n<\/div>\n<\/div>\n","protected":false},"excerpt":{"rendered":"<p>Les Ambassadeurs s\u2019engagent \u00e0 mener des actions de promotion des vins Bordeaux Bordeaux Sup\u00e9rieur dans leurs cercles personnels en \u00e9change de cadeaux et d\u2019avantages. Chaque Ambassadeur re\u00e7oit des vins de Bordeaux Bordeaux Sup\u00e9rieur, une carte personnalis\u00e9e et une dotation de vin ainsi que des goodies pour mener \u00e0 bien ses missions. Consommer des vins de [&hellip;]<\/p>\n","protected":false},"author":1,"featured_media":0,"parent":0,"menu_order":0,"comment_status":"closed","ping_status":"closed","template":"","meta":{"inline_featured_image":false,"footnotes":""},"class_list":["post-98","page","type-page","status-publish","hentry"],"acf":[],"_links":{"self":[{"href":"https:\/\/www.planete-bordeaux.fr\/ambassadeurs\/wp-json\/wp\/v2\/pages\/98","targetHints":{"allow":["GET"]}}],"collection":[{"href":"https:\/\/www.planete-bordeaux.fr\/ambassadeurs\/wp-json\/wp\/v2\/pages"}],"about":[{"href":"https:\/\/www.planete-bordeaux.fr\/ambassadeurs\/wp-json\/wp\/v2\/types\/page"}],"author":[{"embeddable":true,"href":"https:\/\/www.planete-bordeaux.fr\/ambassadeurs\/wp-json\/wp\/v2\/users\/1"}],"replies":[{"embeddable":true,"href":"https:\/\/www.planete-bordeaux.fr\/ambassadeurs\/wp-json\/wp\/v2\/comments?post=98"}],"version-history":[{"count":19,"href":"https:\/\/www.planete-bordeaux.fr\/ambassadeurs\/wp-json\/wp\/v2\/pages\/98\/revisions"}],"predecessor-version":[{"id":395,"href":"https:\/\/www.planete-bordeaux.fr\/ambassadeurs\/wp-json\/wp\/v2\/pages\/98\/revisions\/395"}],"wp:attachment":[{"href":"https:\/\/www.planete-bordeaux.fr\/ambassadeurs\/wp-json\/wp\/v2\/media?parent=98"}],"curies":[{"name":"wp","href":"https:\/\/api.w.org\/{rel}","templated":true}]}}