{"id":326,"date":"2022-06-20T15:05:08","date_gmt":"2022-06-20T13:05:08","guid":{"rendered":"https:\/\/www.planete-bordeaux.fr\/ambassadeurs\/?page_id=326"},"modified":"2022-06-22T13:10:36","modified_gmt":"2022-06-22T11:10:36","slug":"cookies","status":"publish","type":"page","link":"https:\/\/www.planete-bordeaux.fr\/ambassadeurs\/cookies\/","title":{"rendered":"Cookies"},"content":{"rendered":"\n<h2 class=\"wp-block-heading\">1. D\u00e9claration relative aux cookies<\/h2>\n\n\n\n<p><strong>1.1. \u00c0 propos des cookies<\/strong><\/p>\n\n\n\n<p>Les sites Web ont recours \u00e0 des techniques utiles et judicieuses pour accro\u00eetre la convivialit\u00e9 et rendre le site le plus int\u00e9ressant possible pour chaque visiteur. Les cookies sont l&rsquo;une des techniques les plus connues. Ils peuvent \u00eatre utilis\u00e9s par des propri\u00e9taires de sites Web ou par des tiers, tels que les publicitaires, qui communiquent via le site Web que vous consultez.<\/p>\n\n\n\n<p>Les cookies sont de petits fichiers texte stock\u00e9s par les sites Web sur les ordinateurs des utilisateurs. Les informations contenues dans les cookies peuvent \u00e9galement \u00eatre utilis\u00e9es pour suivre votre navigation sur les diff\u00e9rents sites Web qui utilisent le m\u00eame cookie.<\/p>\n\n\n\n<p>Les cookies sont class\u00e9s par dur\u00e9e et par source.<\/p>\n\n\n\n<p>Nous estimons qu&rsquo;il est indispensable de vous fournir des informations sur les cookies utilis\u00e9s sur notre site Web ainsi que sur leur finalit\u00e9. L&rsquo;objectif est triple : garantir la protection de votre vie priv\u00e9e, rendre notre site Web plus convivial et assurer son d\u00e9veloppement. Les informations suivantes vous permettront d&rsquo;en savoir davantage sur les cookies utilis\u00e9s sur notre site Web et leur finalit\u00e9.<\/p>\n\n\n\n<h2 class=\"wp-block-heading\">2. Utilisation des cookies par nos soins<\/h2>\n\n\n\n<p>Nous utilisons des cookies pour recueillir des statistiques sur le nombre de visiteurs et enregistrer des informations sur vos pr\u00e9f\u00e9rences lorsque vous naviguez sur les sites Web. Nous utilisons les cookies afin d&rsquo;am\u00e9liorer votre utilisation du site lors de votre navigation.<\/p>\n\n\n\n<h2 class=\"wp-block-heading\">3. Les diff\u00e9rents cookies et leurs fonctionnalit\u00e9s<\/h2>\n\n\n\n<p>Nous utilisons diff\u00e9rents types de cookies en fonction de leur finalit\u00e9.<br>Vous trouverez ci-dessous une liste des cookies les plus courants ainsi qu&rsquo;une description de leur finalit\u00e9.<\/p>\n\n\n\n<p><strong>3.1. Cookies de session<\/strong><\/p>\n\n\n\n<p>Un cookie de session est stock\u00e9 de mani\u00e8re temporaire dans la m\u00e9moire de votre ordinateur lorsque vous naviguez sur un site. Ils ne sont pas stock\u00e9s pendant une longue p\u00e9riode sur votre ordinateur, et disparaissent d\u00e8s que vous fermez votre navigateur Web.<\/p>\n\n\n\n<p><strong>3.2. Cookies d&rsquo;origine<\/strong><\/p>\n\n\n\n<p>Ces cookies sont install\u00e9s par le site Web lui-m\u00eame (le m\u00eame domaine que celui qui figure dans la barre d&rsquo;adresse du navigateur) et ne peuvent \u00eatre lus que par ce site. Ces cookies sont g\u00e9n\u00e9ralement utilis\u00e9s pour stocker des informations, par exemple vos pr\u00e9f\u00e9rences, qui seront utilis\u00e9es lors de votre prochaine visite sur le site.<\/p>\n\n\n\n<p><strong>3.4. Cookies tiers<\/strong><\/p>\n\n\n\n<p>Les cookies tiers sont install\u00e9s par un domaine diff\u00e9rent de celui qui figure dans la barre d&rsquo;adresse du navigateur, c&rsquo;est-\u00e0-dire par une autre organisation que le propri\u00e9taire du site.<\/p>\n\n\n\n<p>Par exemple, les cookies utilis\u00e9s pour recueillir des statistiques Web peuvent \u00eatre des cookies tiers.<\/p>\n\n\n\n<p>Les cookies tiers permettant de g\u00e9n\u00e9rer des enqu\u00eates plus approfondies sur les habitudes de navigation de l&rsquo;utilisateur, ils sont jug\u00e9s plus sensibles en termes d&rsquo;int\u00e9grit\u00e9. C&rsquo;est la raison pour laquelle la plupart des navigateurs Web vous permettent de modifier vos param\u00e8tres de mani\u00e8re \u00e0 les refuser.<\/p>\n\n\n\n<h2 class=\"wp-block-heading\">4. Gestion des cookies<\/h2>\n\n\n\n<p><strong>4.1. Affichage des cookies<\/strong><\/p>\n\n\n\n<p>Les cookies \u00e9tant de simples fichiers texte, ils peuvent \u00eatre consult\u00e9s avec la plupart des \u00e9diteurs de texte ou des programmes de traitement de texte. Vous pouvez cliquer sur un cookie pour l&rsquo;ouvrir. La liste ci-apr\u00e8s vous explique comment afficher les cookies dans diff\u00e9rents navigateurs. Si vous utilisez un navigateur diff\u00e9rent, consultez les informations sur les cookies propres \u00e0 ce navigateur. Si vous utilisez un t\u00e9l\u00e9phone portable, reportez-vous \u00e0 son mode d&#8217;emploi pour obtenir plus d&rsquo;informations.<\/p>\n\n\n\n<ul class=\"wp-block-list\"><li>Firefox : <a href=\"https:\/\/support.mozilla.org\/en-US\/kb\/cookies-information-Websites-store-on-your-computer\" target=\"_blank\" rel=\"noreferrer noopener\">https:\/\/support.mozilla.org\/en-US\/kb\/cookies-information-Websites-store-on-your-computer<\/a><\/li><li>Chrome : <a href=\"https:\/\/support.google.com\/chrome\/bin\/answer.py?hl=en&amp;answer=95647&amp;topic=14666&amp;ctx=topic\" target=\"_blank\" rel=\"noreferrer noopener\">https:\/\/support.google.com\/chrome\/bin\/answer.py?hl=en&amp;answer=95647&amp;topic=14666&amp;ctx=topic<\/a><\/li><li>Internet Explorer 8 et + : <a href=\"http:\/\/windows.microsoft.com\/en-US\/internet-explorer\/delete-manage-cookies\" target=\"_blank\" rel=\"noreferrer noopener\">http:\/\/windows.microsoft.com\/en-US\/internet-explorer\/delete-manage-cookies<\/a><\/li><\/ul>\n\n\n\n<p><strong>4.2. D\u00e9sactivation\/activation ou suppression des cookies<\/strong><\/p>\n\n\n\n<p>Pour restreindre ou bloquer des cookies, vous devez acc\u00e9der \u00e0 vos param\u00e8tres de navigateur.<\/p>\n\n\n\n<p>Si vous refusez qu&rsquo;un site Web installe un cookie sur votre ordinateur, votre navigateur peut \u00eatre param\u00e9tr\u00e9 pour vous avertir avant qu&rsquo;un cookie ne soit install\u00e9. Votre navigateur peut \u00eatre \u00e9galement param\u00e9tr\u00e9 pour refuser tous les cookies, ou uniquement les cookies tiers. De la m\u00eame fa\u00e7on, vous pouvez supprimer n&rsquo;importe quel cookie d\u00e9j\u00e0 install\u00e9 sur votre ordinateur. Notez qu&rsquo;il vous faudra modifier s\u00e9par\u00e9ment les param\u00e8tres pour chaque navigateur et chaque ordinateur que vous utilisez.<\/p>\n\n\n\n<p>Sachez \u00e9galement que si vous n&rsquo;acceptez pas les cookies, nous ne serons plus en mesure de garantir le bon fonctionnement de notre site Web. Certaines fonctions du site pourront devenir inaccessibles, ou vous risquez de ne plus pouvoir acc\u00e9der \u00e0 certains sites Web.<\/p>\n\n\n\n<p>Chaque navigateur utilise une m\u00e9thode diff\u00e9rente pour modifier les param\u00e8tres. Le cas \u00e9ch\u00e9ant, consultez la fonctionnalit\u00e9 d&rsquo;aide de votre navigateur pour d\u00e9finir les param\u00e8tres appropri\u00e9s.<\/p>\n\n\n\n<p>Pour d\u00e9sactiver des cookies sur votre t\u00e9l\u00e9phone portable, reportez-vous \u00e0 son mode d&#8217;emploi pour obtenir plus d&rsquo;informations.<\/p>\n\n\n\n<p>Pour en savoir plus sur les cookies et Internet, acc\u00e9dez au site <a href=\"http:\/\/www.aboutcookies.org\/\" target=\"_blank\" rel=\"noreferrer noopener\">www.aboutcookies.org<\/a><\/p>\n\n\n\n<h2 class=\"wp-block-heading\">5. Cookies inattendus\/autres<\/h2>\n\n\n\n<p>Compte tenu du fonctionnement d&rsquo;Internet et des sites Web, nous ne disposons pas toujours des informations sur les cookies install\u00e9s par des tiers sur notre site Web. Ceci est particuli\u00e8rement vrai lorsque notre page Web contient des \u00e9l\u00e9ments int\u00e9gr\u00e9s, notamment des textes, documents, images ou films courts stock\u00e9s sur un site tiers mais diffus\u00e9s sur ou via notre site Web.<\/p>\n\n\n\n<p>N&rsquo;h\u00e9sitez donc pas \u00e0 nous contacter si vous rencontrez un cookie de ce type non r\u00e9pertori\u00e9 dans la liste ci-dessus sur notre site Web. Vous pouvez \u00e9galement contacter directement le site tiers en question pour obtenir plus d&rsquo;informations sur les cookies install\u00e9s, leur finalit\u00e9 et leur dur\u00e9e, mais \u00e9galement pour savoir dans quelle mesure le respect de votre vie priv\u00e9e est garanti.<\/p>\n\n\n\n<h2 class=\"wp-block-heading\">6. Contact<\/h2>\n\n\n\n<p>La pr\u00e9sente D\u00e9claration peut \u00eatre modifi\u00e9e de fa\u00e7on p\u00e9riodique, en fonction des modifications apport\u00e9es \u00e0 notre site Web ou aux r\u00e9glementations relatives aux cookies. Nous sommes autoris\u00e9s \u00e0 modifier \u00e0 tout moment et sans pr\u00e9avis le contenu de la pr\u00e9sente D\u00e9claration ainsi que les cookies r\u00e9pertori\u00e9s. Vous pouvez consulter cette page Web pour conna\u00eetre la derni\u00e8re version.<\/p>\n\n\n\n<p>Pour toute question ou remarque, veuillez nous contacter.<\/p>\n\n\n\n<p><em>Juillet 2016<\/em><\/p>\n","protected":false},"excerpt":{"rendered":"<p>1. D\u00e9claration relative aux cookies 1.1. \u00c0 propos des cookies Les sites Web ont recours \u00e0 des techniques utiles et judicieuses pour accro\u00eetre la convivialit\u00e9 et rendre le site le plus int\u00e9ressant possible pour chaque visiteur. Les cookies sont l&rsquo;une des techniques les plus connues. Ils peuvent \u00eatre utilis\u00e9s par des propri\u00e9taires de sites Web [&hellip;]<\/p>\n","protected":false},"author":1,"featured_media":0,"parent":0,"menu_order":0,"comment_status":"closed","ping_status":"closed","template":"","meta":{"inline_featured_image":false,"footnotes":""},"class_list":["post-326","page","type-page","status-publish","hentry"],"acf":[],"_links":{"self":[{"href":"https:\/\/www.planete-bordeaux.fr\/ambassadeurs\/wp-json\/wp\/v2\/pages\/326","targetHints":{"allow":["GET"]}}],"collection":[{"href":"https:\/\/www.planete-bordeaux.fr\/ambassadeurs\/wp-json\/wp\/v2\/pages"}],"about":[{"href":"https:\/\/www.planete-bordeaux.fr\/ambassadeurs\/wp-json\/wp\/v2\/types\/page"}],"author":[{"embeddable":true,"href":"https:\/\/www.planete-bordeaux.fr\/ambassadeurs\/wp-json\/wp\/v2\/users\/1"}],"replies":[{"embeddable":true,"href":"https:\/\/www.planete-bordeaux.fr\/ambassadeurs\/wp-json\/wp\/v2\/comments?post=326"}],"version-history":[{"count":3,"href":"https:\/\/www.planete-bordeaux.fr\/ambassadeurs\/wp-json\/wp\/v2\/pages\/326\/revisions"}],"predecessor-version":[{"id":381,"href":"https:\/\/www.planete-bordeaux.fr\/ambassadeurs\/wp-json\/wp\/v2\/pages\/326\/revisions\/381"}],"wp:attachment":[{"href":"https:\/\/www.planete-bordeaux.fr\/ambassadeurs\/wp-json\/wp\/v2\/media?parent=326"}],"curies":[{"name":"wp","href":"https:\/\/api.w.org\/{rel}","templated":true}]}}